{"id":7072,"date":"2019-12-12T10:39:38","date_gmt":"2019-12-12T10:39:38","guid":{"rendered":"https:\/\/proteo.yithemes.com\/classic-shop\/?page_id=7072"},"modified":"2023-11-15T14:30:46","modified_gmt":"2023-11-15T14:30:46","slug":"about-proteo","status":"publish","type":"page","link":"https:\/\/forcell.rs\/?page_id=7072","title":{"rendered":"O NAMA"},"content":{"rendered":"\n<div class=\"wp-block-columns is-layout-flex wp-container-core-columns-is-layout-9d6595d7 wp-block-columns-is-layout-flex\">\n<div class=\"wp-block-column is-layout-flow wp-block-column-is-layout-flow\">\n<p>Dobrodo\u0161li na stranicu FORCELL &#8211; va\u0161eg pouzdanog partnera u svetu mobilne opreme!<\/p>\n\n\n\n<p>Brend Forcell, posve\u0107en je pru\u017eanju vrhunske opreme za mobilne telefone.. Firma Royal Mobil \u0160abac je generalni distributer za teritoriju Srbije.<\/p>\n\n\n\n<p>Ono \u0161to brend Forcell izdvaja je posve\u0107enost visokim standardima kvaliteta. Svaki Forcell proizvod pro\u0161ao je kroz rigorozne testove kako bi osigurali da korisnici Forcell proizvoda dobiju najbolje od najboljeg. Bilo da je re\u010d o za\u0161titi ekrana, futrolama, ili punja\u010dima, Forcell proizvodi pru\u017eaju savr\u0161enu kombinaciju stila, funkcionalnosti i izdr\u017eljivosti.<\/p>\n<\/div>\n\n\n\n<div class=\"wp-block-column is-layout-flow wp-block-column-is-layout-flow\">\n<p>Verujemo u transparentnost i iskrenost prema na\u0161im kupcima. Zato smo ovde da odgovorimo na sva va\u0161a pitanja i pru\u017eimo vam informacije koje vam mogu pomo\u0107i da donesete pravu odluku prilikom izbora mobilne opreme. Va\u0161e poverenje je od su\u0161tinskog zna\u010daja za nas, i trudi\u0107emo se da ga zaslu\u017eimo svakim Forcell proizvodom koji vam stavljamo na raspolaganje.<\/p>\n\n\n\n<p>Hvala vam \u0161to ste deo Forcell zajednice. Sa nama, va\u0161 mobilni svet postaje jo\u0161 bolji!<\/p>\n<\/div>\n<\/div>\n","protected":false},"excerpt":{"rendered":"<p>Dobrodo\u0161li na stranicu FORCELL &#8211; va\u0161eg pouzdanog partnera u svetu mobilne opreme! Brend Forcell, posve\u0107en je pru\u017eanju vrhunske opreme za mobilne telefone.. Firma Royal Mobil \u0160abac je generalni distributer za teritoriju Srbije. Ono \u0161to brend Forcell izdvaja je posve\u0107enost visokim standardima kvaliteta. Svaki Forcell proizvod pro\u0161ao je kroz rigorozne testove kako bi osigurali da korisnici<a class=\"more-link\" href=\"https:\/\/forcell.rs\/?page_id=7072\">Read more  &#10230;<\/a><\/p>\n","protected":false},"author":1,"featured_media":0,"parent":0,"menu_order":0,"comment_status":"closed","ping_status":"closed","template":"","meta":{"_editorskit_title_hidden":false,"_editorskit_reading_time":0,"_editorskit_is_block_options_detached":false,"_editorskit_block_options_position":"{}","inline_featured_image":false,"_monsterinsights_skip_tracking":false,"_monsterinsights_sitenote_active":false,"_monsterinsights_sitenote_note":"","_monsterinsights_sitenote_category":0,"footnotes":""},"class_list":["post-7072","page","type-page","status-publish","hentry"],"jetpack_sharing_enabled":true,"_links":{"self":[{"href":"https:\/\/forcell.rs\/index.php?rest_route=\/wp\/v2\/pages\/7072","targetHints":{"allow":["GET"]}}],"collection":[{"href":"https:\/\/forcell.rs\/index.php?rest_route=\/wp\/v2\/pages"}],"about":[{"href":"https:\/\/forcell.rs\/index.php?rest_route=\/wp\/v2\/types\/page"}],"author":[{"embeddable":true,"href":"https:\/\/forcell.rs\/index.php?rest_route=\/wp\/v2\/users\/1"}],"replies":[{"embeddable":true,"href":"https:\/\/forcell.rs\/index.php?rest_route=%2Fwp%2Fv2%2Fcomments&post=7072"}],"version-history":[{"count":0,"href":"https:\/\/forcell.rs\/index.php?rest_route=\/wp\/v2\/pages\/7072\/revisions"}],"wp:attachment":[{"href":"https:\/\/forcell.rs\/index.php?rest_route=%2Fwp%2Fv2%2Fmedia&parent=7072"}],"curies":[{"name":"wp","href":"https:\/\/api.w.org\/{rel}","templated":true}]}}