{"id":8121,"date":"2023-11-10T14:23:14","date_gmt":"2023-11-10T14:23:14","guid":{"rendered":"https:\/\/forcell.rs\/?page_id=8121"},"modified":"2023-11-17T15:04:37","modified_gmt":"2023-11-17T15:04:37","slug":"produzena-garancija","status":"publish","type":"page","link":"https:\/\/forcell.rs\/?page_id=8121","title":{"rendered":"PRODU\u017dENA GARANCIJA"},"content":{"rendered":"\n<p>Jedna od bitnijih stvari prilikom izbora va\u0161eg novog ure\u0111aja jeste garancija proizvo\u0111a\u010da, s obzirom da garantni rok govori o samom kvalitetu proizvoda. <\/p>\n\n\n\n<p>Sigurni u kvalitet Forcell ure\u0111aja \u2013 obezbedili smo vam produ\u017eenu garanciju za va\u0161 ure\u0111aj.<\/p>\n\n\n\n<p>Registrujte se i ostvarite\u00a0<strong>TRI GODINE<\/strong>\u00a0garancije na bilo koji Forcell proizvod kupljen nakon 10.11.2023. Registraciju svog novog Forcell proizvoda za produ\u017eenu garanciju mo\u017eete izvr\u0161iti u periodu od 60 dana od datuma kupovine. U roku od 72h dobicete potvrdu na Va\u0161 mejl da je registracija prihva\u0107ena i da ste ostvarili <strong>TRI<\/strong> godine garancije na proizvod.<\/p>\n\n\n\n<p>Da biste ostvarili produ\u017eenu garanciju neophodno je da popunite registracioni obrazac u nastavku za svoj ure\u0111aj:<\/p>\n\n\n\n\n<div class=\"wpcf7 no-js\" id=\"wpcf7-f8122-o1\" lang=\"en-US\" dir=\"ltr\" data-wpcf7-id=\"8122\">\n<div class=\"screen-reader-response\"><p role=\"status\" aria-live=\"polite\" aria-atomic=\"true\"><\/p> <ul><\/ul><\/div>\n<form action=\"\/index.php?rest_route=%2Fwp%2Fv2%2Fpages%2F8121#wpcf7-f8122-o1\" method=\"post\" class=\"wpcf7-form init\" aria-label=\"Contact form\" enctype=\"multipart\/form-data\" novalidate=\"novalidate\" data-status=\"init\">\n<fieldset class=\"hidden-fields-container\"><input type=\"hidden\" name=\"_wpcf7\" value=\"8122\" \/><input type=\"hidden\" name=\"_wpcf7_version\" value=\"6.1.3\" \/><input type=\"hidden\" name=\"_wpcf7_locale\" value=\"en_US\" \/><input type=\"hidden\" name=\"_wpcf7_unit_tag\" value=\"wpcf7-f8122-o1\" \/><input type=\"hidden\" name=\"_wpcf7_container_post\" value=\"0\" \/><input type=\"hidden\" name=\"_wpcf7_posted_data_hash\" value=\"\" \/>\n<\/fieldset>\n<div class=\"row\">\n\t<div class=\"col-md-4\">\n\t\t<p><label>Ime:<span class=\"wpcf7-form-control-wrap\" data-name=\"your-name\"><input size=\"40\" maxlength=\"400\" class=\"wpcf7-form-control wpcf7-text wpcf7-validates-as-required\" aria-required=\"true\" aria-invalid=\"false\" value=\"\" type=\"text\" name=\"your-name\" \/><\/span><\/label>\n\t\t<\/p>\n\t<\/div>\n\t<div class=\"col-md-4\">\n\t\t<p><label>Prezime:<span class=\"wpcf7-form-control-wrap\" data-name=\"prezime\"><input size=\"40\" maxlength=\"400\" class=\"wpcf7-form-control wpcf7-text wpcf7-validates-as-required\" aria-required=\"true\" aria-invalid=\"false\" value=\"\" type=\"text\" name=\"prezime\" \/><\/span><\/label>\n\t\t<\/p>\n\t<\/div>\n\t<div class=\"col-md-4\">\n\t\t<p><label>Ulica:<span class=\"wpcf7-form-control-wrap\" data-name=\"ulica\"><input size=\"40\" maxlength=\"400\" class=\"wpcf7-form-control wpcf7-text wpcf7-validates-as-required\" aria-required=\"true\" aria-invalid=\"false\" value=\"\" type=\"text\" name=\"ulica\" \/><\/span><\/label>\n\t\t<\/p>\n\t<\/div>\n\t<div class=\"col-md-4\">\n\t\t<p><label>Broj:<span class=\"wpcf7-form-control-wrap\" data-name=\"number-629\"><input class=\"wpcf7-form-control wpcf7-number wpcf7-validates-as-required wpcf7-validates-as-number\" aria-required=\"true\" aria-invalid=\"false\" value=\"\" type=\"number\" name=\"number-629\" \/><\/span><\/label>\n\t\t<\/p>\n\t<\/div>\n\t<div class=\"col-md-4\">\n\t\t<p><label>Po\u0161tanski broj:<span class=\"wpcf7-form-control-wrap\" data-name=\"number-569\"><input class=\"wpcf7-form-control wpcf7-number wpcf7-validates-as-number\" aria-invalid=\"false\" value=\"\" type=\"number\" name=\"number-569\" \/><\/span><\/label>\n\t\t<\/p>\n\t<\/div>\n\t<div class=\"col-md-4\">\n\t\t<p><label>Grad:<span class=\"wpcf7-form-control-wrap\" data-name=\"text-4844\"><input size=\"40\" maxlength=\"400\" class=\"wpcf7-form-control wpcf7-text wpcf7-validates-as-required\" aria-required=\"true\" aria-invalid=\"false\" value=\"\" type=\"text\" name=\"text-4844\" \/><\/span><\/label>\n\t\t<\/p>\n\t<\/div>\n\t<div class=\"col-md-4\">\n\t\t<p><label>Telefon:<span class=\"wpcf7-form-control-wrap\" data-name=\"your-tel\"><input size=\"40\" maxlength=\"400\" class=\"wpcf7-form-control wpcf7-tel wpcf7-text wpcf7-validates-as-tel\" aria-invalid=\"false\" value=\"\" type=\"tel\" name=\"your-tel\" \/><\/span><\/label>\n\t\t<\/p>\n\t<\/div>\n\t<div class=\"col-md-4\">\n\t\t<p><label>Mejl:<span class=\"wpcf7-form-control-wrap\" data-name=\"your-email\"><input size=\"40\" maxlength=\"400\" class=\"wpcf7-form-control wpcf7-email wpcf7-validates-as-required wpcf7-text wpcf7-validates-as-email\" aria-required=\"true\" aria-invalid=\"false\" value=\"\" type=\"email\" name=\"your-email\" \/><\/span><\/label>\n\t\t<\/p>\n\t<\/div>\n\t<div class=\"col-md-4\">\n\t\t<p><label>Tip opreme<span class=\"wpcf7-form-control-wrap\" data-name=\"Tipaparata\"><select class=\"wpcf7-form-control wpcf7-select wpcf7-validates-as-required\" aria-required=\"true\" aria-invalid=\"false\" name=\"Tipaparata\"><option value=\"\"><\/option><option value=\"Auto drzac\">Auto drzac<\/option><option value=\"Auto punjac\">Auto punjac<\/option><option value=\"Bezicni punjac\">Bezicni punjac<\/option><option value=\"Kablovi\">Kablovi<\/option><option value=\"Kucni punjac\">Kucni punjac<\/option><option value=\"Power Bank\">Power Bank<\/option><option value=\"Slusalice\">Slusalice<\/option><\/select><\/span><\/label>\n\t\t<\/p>\n\t<\/div>\n<\/div>\n<hr \/>\n<div class=\"row\">\n\t<div class=\"col-md-4\">\n\t\t<p><label>Datum kupovine<span class=\"wpcf7-form-control-wrap\" data-name=\"date-814\"><input class=\"wpcf7-form-control wpcf7-date wpcf7-validates-as-date\" aria-invalid=\"false\" placeholder=\"27.10.2023.\" value=\"\" type=\"date\" name=\"date-814\" \/><\/span><\/label>\n\t\t<\/p>\n\t<\/div>\n\t<div class=\"col-md-4\">\n\t\t<p><label>Maloprodaja gde je kupljena oprema:<span class=\"wpcf7-form-control-wrap\" data-name=\"Lokacijagdejekupljen\"><select class=\"wpcf7-form-control wpcf7-select wpcf7-validates-as-required\" aria-required=\"true\" aria-invalid=\"false\" name=\"Lokacijagdejekupljen\"><option value=\"\"><\/option><option value=\"B&amp;D MOBIL PLUS Loznica\">B&amp;D MOBIL PLUS Loznica<\/option><option value=\"B&amp;D MOBIL PLUS - Lokal 12 Loznica\">B&amp;D MOBIL PLUS - Lokal 12 Loznica<\/option><option value=\"Royal Mobil \u0160abac \u0160abac\">Royal Mobil \u0160abac \u0160abac<\/option><option value=\"Royal Mobil Centar \u0160abac \u0160abac\">Royal Mobil Centar \u0160abac \u0160abac<\/option><option value=\"PHONE STYLE Beograd\">PHONE STYLE Beograd<\/option><option value=\"BeFa mobile shop Novi Pazar\">BeFa mobile shop Novi Pazar<\/option><option value=\"GALAXY CODE PLUS APATIN Apatin\">GALAXY CODE PLUS APATIN Apatin<\/option><option value=\"IN MOBIL Pancevo\">IN MOBIL Pancevo<\/option><option value=\"Mister Mobil Lux Krusevac\">Mister Mobil Lux Krusevac<\/option><option value=\"Micro M Nova Varos\">Micro M Nova Varos<\/option><option value=\"Globalnet Nis\">Globalnet Nis<\/option><option value=\"MAX MOBIL Sremska Mitrovica\">MAX MOBIL Sremska Mitrovica<\/option><option value=\"ZTR MOBILNI SVET Ruma\">ZTR MOBILNI SVET Ruma<\/option><option value=\"MOBILE-LA Lazarevac\">MOBILE-LA Lazarevac<\/option><option value=\"MOBILKOM Beograd\">MOBILKOM Beograd<\/option><option value=\"BAMBI MOBILE SHOP Obrenovac\">BAMBI MOBILE SHOP Obrenovac<\/option><option value=\"PC ONLINE Smederevska Palanka\">PC ONLINE Smederevska Palanka<\/option><option value=\"MY PHONE Novi Sad\">MY PHONE Novi Sad<\/option><option value=\"Telix U\u017eice\">Telix U\u017eice<\/option><option value=\"Mobilmania Krusevac\">Mobilmania Krusevac<\/option><\/select><\/span><\/label>\n\t\t<\/p>\n\t<\/div>\n\t<div class=\"col-md-4\">\n\t\t<p><label>Prilo\u017ei kopiju ra\u010duna:<span class=\"wpcf7-form-control-wrap\" data-name=\"file-574\"><input size=\"40\" class=\"wpcf7-form-control wpcf7-file wpcf7-validates-as-required\" accept=\"audio\/*,video\/*,image\/*\" aria-required=\"true\" aria-invalid=\"false\" type=\"file\" name=\"file-574\" \/><\/span><\/label>\n\t\t<\/p>\n\t<\/div>\n<\/div>\n<hr \/>\n<div style=\"float: right\">\n\t<p><input class=\"wpcf7-form-control wpcf7-submit has-spinner\" type=\"submit\" value=\"ZAVR\u0160I REGISTRACIJU\" \/>\n\t<\/p>\n<\/div><div class=\"wpcf7-response-output\" aria-hidden=\"true\"><\/div>\n<\/form>\n<\/div>\n\n","protected":false},"excerpt":{"rendered":"<p>Jedna od bitnijih stvari prilikom izbora va\u0161eg novog ure\u0111aja jeste garancija proizvo\u0111a\u010da, s obzirom da garantni rok govori o samom kvalitetu proizvoda. Sigurni u kvalitet Forcell ure\u0111aja \u2013 obezbedili smo vam produ\u017eenu garanciju za va\u0161 ure\u0111aj. Registrujte se i ostvarite\u00a0TRI GODINE\u00a0garancije na bilo koji Forcell proizvod kupljen nakon 10.11.2023. Registraciju svog novog Forcell proizvoda za<a class=\"more-link\" href=\"https:\/\/forcell.rs\/?page_id=8121\">Read more  &#10230;<\/a><\/p>\n","protected":false},"author":1,"featured_media":0,"parent":0,"menu_order":0,"comment_status":"closed","ping_status":"closed","template":"","meta":{"_editorskit_title_hidden":false,"_editorskit_reading_time":0,"_editorskit_is_block_options_detached":false,"_editorskit_block_options_position":"{}","inline_featured_image":false,"_monsterinsights_skip_tracking":false,"_monsterinsights_sitenote_active":false,"_monsterinsights_sitenote_note":"","_monsterinsights_sitenote_category":0,"footnotes":""},"class_list":["post-8121","page","type-page","status-publish","hentry"],"jetpack_sharing_enabled":true,"_links":{"self":[{"href":"https:\/\/forcell.rs\/index.php?rest_route=\/wp\/v2\/pages\/8121","targetHints":{"allow":["GET"]}}],"collection":[{"href":"https:\/\/forcell.rs\/index.php?rest_route=\/wp\/v2\/pages"}],"about":[{"href":"https:\/\/forcell.rs\/index.php?rest_route=\/wp\/v2\/types\/page"}],"author":[{"embeddable":true,"href":"https:\/\/forcell.rs\/index.php?rest_route=\/wp\/v2\/users\/1"}],"replies":[{"embeddable":true,"href":"https:\/\/forcell.rs\/index.php?rest_route=%2Fwp%2Fv2%2Fcomments&post=8121"}],"version-history":[{"count":0,"href":"https:\/\/forcell.rs\/index.php?rest_route=\/wp\/v2\/pages\/8121\/revisions"}],"wp:attachment":[{"href":"https:\/\/forcell.rs\/index.php?rest_route=%2Fwp%2Fv2%2Fmedia&parent=8121"}],"curies":[{"name":"wp","href":"https:\/\/api.w.org\/{rel}","templated":true}]}}