{"id":7525,"date":"2023-07-24T09:56:13","date_gmt":"2023-07-24T09:56:13","guid":{"rendered":"https:\/\/forcell.rs\/?post_type=product&#038;p=7525"},"modified":"2023-07-28T14:31:55","modified_gmt":"2023-07-28T14:31:55","slug":"forcell-zidni-punjac-sa-usb-tip-c-konektorom-i-lightning-kablom-3a-20w-sa-pd-i-qc-4-0-funkcijom-punjenja","status":"publish","type":"product","link":"https:\/\/forcell.rs\/?product=forcell-zidni-punjac-sa-usb-tip-c-konektorom-i-lightning-kablom-3a-20w-sa-pd-i-qc-4-0-funkcijom-punjenja","title":{"rendered":"Forcell zidni punja\u010d sa USB tip C konektorom i lightning kablom &#8211; 3A 20W sa PD i QC 4.0 funkcijom punjenja"},"content":{"rendered":"<p><strong>100% energije za kratko vreme<\/strong><\/p>\n<p>Zidni punja\u010d Forcell radi u skladu sa standardima Power Deliveri i Kualcomm\u00ae Quick Charge\u2122 4.0*, zahvaljujuc\u0301i kojima mo\u017eete da punite svoj pametni telefon za krac\u0301e vreme (do 30 minuta je dovoljno, u zavisnosti od modela telefona i kapaciteta baterije, za punjenje od 0 do 50% kapaciteta baterije) uz maksimalnu snagu od 20 W. Ceo proces je bezbedan &#8211; napajanje povezanog ure\u0111aja prilago\u0111ava rad baterije na Delive. Kao rezultat toga, ne morate da brinete o prekomernom punjenju ili o\u0161tec\u0301enju baterije.<\/p>\n<p>&nbsp;<\/p>\n<p>*Kualcomm\u00ae Kuick Charge\u2122 je registrovani za\u0161titni znak ameri\u010dke kompanije Kualcomm Inc.<\/p>\n<p><img loading=\"lazy\" decoding=\"async\" class=\"aligncenter wp-image-7530 size-proteo-blog-loop-image\" src=\"https:\/\/forcell.rs\/wp-content\/uploads\/2023\/07\/5903396072451-20230711-RS047-725x500.jpg\" alt=\"\" width=\"725\" height=\"500\" \/><\/p>\n<p><strong>Svestrano re\u0161enje<\/strong><\/p>\n<p>Koristite Forcell punja\u010d za napajanje ne samo telefona, vec\u0301 i slu\u0161alica, tableta ili drugih ure\u0111aja sa USB-C portom! \u0160tavi\u0161e, set uklju\u010duje Lightning\u00ae kabl*, koji c\u0301e dobro doc\u0301i svakom vlasniku Apple\u00ae ure\u0111aja, pa \u010dak i MagSafe\u00ae punja\u010d**. Prilago\u0111ena du\u017eina kabla od 1,2 m daje vam vi\u0161e slobode kada koristite ure\u0111aj kada je priklju\u010den.<\/p>\n<p>&nbsp;<\/p>\n<p>*Lightning\u00ae je registrovani za\u0161titni znak kompanije Apple Inc.<br \/>\n**MagSafe\u00ae je registrovani za\u0161titni znak kompanije Apple Inc.<\/p>\n<p><img loading=\"lazy\" decoding=\"async\" class=\"aligncenter wp-image-7531 size-proteo-blog-loop-image\" src=\"https:\/\/forcell.rs\/wp-content\/uploads\/2023\/07\/5903396072451-20230711-RS052-725x500.jpg\" alt=\"\" width=\"725\" height=\"500\" \/><\/p>\n<p>&nbsp;<\/p>\n","protected":false},"excerpt":{"rendered":"<p>Koristite Forcell USB-C zidni punja\u010d za punjenje tableta ili telefona sa 20 W snage i to za kratko vreme zahvaljujuc\u0301i Power Deliveri i Kualcomm\u00ae Quick Charge\u2122 4.0 tehnologijama. Ugra\u0111eni sistem za\u0161tite garantuje da nec\u0301e doc\u0301i do pregrevanja ili strujnih udara. Uklju\u010den je Lightning\u00ae kabl od jednog metra.<\/p>\n<p><strong>GARANCIJA NA PROIZVOD:<\/strong> 24 Meseca<\/p>\n","protected":false},"featured_media":7537,"template":"","meta":{"_editorskit_title_hidden":false,"_editorskit_reading_time":0,"_editorskit_is_block_options_detached":false,"_editorskit_block_options_position":"{}","inline_featured_image":false,"_monsterinsights_skip_tracking":false,"_monsterinsights_sitenote_active":false,"_monsterinsights_sitenote_note":"","_monsterinsights_sitenote_category":0},"product_cat":[65],"product_tag":[],"class_list":{"0":"post-7525","1":"product","2":"type-product","3":"status-publish","4":"has-post-thumbnail","6":"product_cat-kucni-punjac","8":"first","9":"instock","10":"virtual","11":"product-type-simple"},"jetpack_sharing_enabled":true,"_links":{"self":[{"href":"https:\/\/forcell.rs\/index.php?rest_route=\/wp\/v2\/product\/7525","targetHints":{"allow":["GET"]}}],"collection":[{"href":"https:\/\/forcell.rs\/index.php?rest_route=\/wp\/v2\/product"}],"about":[{"href":"https:\/\/forcell.rs\/index.php?rest_route=\/wp\/v2\/types\/product"}],"wp:featuredmedia":[{"embeddable":true,"href":"https:\/\/forcell.rs\/index.php?rest_route=\/wp\/v2\/media\/7537"}],"wp:attachment":[{"href":"https:\/\/forcell.rs\/index.php?rest_route=%2Fwp%2Fv2%2Fmedia&parent=7525"}],"wp:term":[{"taxonomy":"product_cat","embeddable":true,"href":"https:\/\/forcell.rs\/index.php?rest_route=%2Fwp%2Fv2%2Fproduct_cat&post=7525"},{"taxonomy":"product_tag","embeddable":true,"href":"https:\/\/forcell.rs\/index.php?rest_route=%2Fwp%2Fv2%2Fproduct_tag&post=7525"}],"curies":[{"name":"wp","href":"https:\/\/api.w.org\/{rel}","templated":true}]}}