{"id":7611,"date":"2023-07-25T12:38:56","date_gmt":"2023-07-25T12:38:56","guid":{"rendered":"https:\/\/forcell.rs\/?post_type=product&#038;p=7611"},"modified":"2023-10-24T12:56:14","modified_gmt":"2023-10-24T12:56:14","slug":"forcell-nosac-za-auto-nosac-sa-rukom-od-17-cm","status":"publish","type":"product","link":"https:\/\/forcell.rs\/?product=forcell-nosac-za-auto-nosac-sa-rukom-od-17-cm","title":{"rendered":"FORCELL Nosa\u010d za auto nosa\u010d sa rukom od 17 cm"},"content":{"rendered":"<p>Duga\u010dka i fleksibilna ruka nosa\u010da, koja mo\u017ee biti duga\u010dka i do 17 cm, omoguc\u0301ava prilago\u0111avanje polo\u017eaja prema \u017eeljama voza\u010da. Rotirajuc\u0301a glava za 360 stepeni omoguc\u0301ava fiksiranje ure\u0111aja u horizontalnom ili vertikalnom polo\u017eaju.<\/p>\n<p>Telefon je postavljen izme\u0111u dve monta\u017ene ruke koje se pomeraju pritiskom na dugme. Nije moguc\u0301e da se ruke same razdvoje.<\/p>\n<p>Nosa\u010d je univerzalan &#8211; mo\u017ee da primi vec\u0301inu pametnih telefona i navigacija dostupnih na tr\u017ei\u0161tu.<\/p>\n<p><strong>Prilago\u0111avamo se va\u0161im potrebama<\/strong><\/p>\n<p>Da li va\u0161 automobil koristi mnogo voza\u010da? \u0160iroka moguc\u0301nost pode\u0161avanja Forcell bracketa zna\u010di da ga svaki voza\u010d mo\u017ee prilagoditi svojim \u017eeljama. Fleksibilna ruka se slobodno savija pod bilo kojim uglom, a glava se rotira za 360 stepeni. Mo\u017eete koristiti telefon ili navigaciju vertikalno ili horizontalno &#8211; kako \u017eelite!<\/p>\n<p><img loading=\"lazy\" decoding=\"async\" class=\"aligncenter wp-image-7616 size-proteo-blog-loop-image\" src=\"https:\/\/forcell.rs\/wp-content\/uploads\/2023\/07\/5901737990389-20220920-RS006-725x500.jpg\" alt=\"\" width=\"725\" height=\"500\" \/><\/p>\n<p><strong>Mi \u0161titimo va\u0161 telefon<\/strong><\/p>\n<p>Gde ste do sada dr\u017eali telefon &#8211; u d\u017eepu, u ta\u0161ni, u pretincu za rukavice? Koliko puta vam je telefon pao sa police ili ste ga ogrebali klju\u010devima? Telefon postavljen u Forcell nosa\u010d nec\u0301e iskliznuti iz njega tokom o\u0161trog skretanja ili vo\u017enje po neravnim putevima. Kuc\u0301i\u0161te pametnog telefona je za\u0161tic\u0301eno stezaljkama oblo\u017eenim penom i povr\u0161inom protiv klizanja. Dodatne podr\u0161ke stabilizuju va\u0161 telefon odozdo.<\/p>\n<p><img loading=\"lazy\" decoding=\"async\" class=\"aligncenter wp-image-7613 size-proteo-blog-loop-image\" src=\"https:\/\/forcell.rs\/wp-content\/uploads\/2023\/07\/5901737990389-20220920-RS002-725x500.jpg\" alt=\"\" width=\"725\" height=\"500\" \/><\/p>\n","protected":false},"excerpt":{"rendered":"<p>Pogodan nosa\u010d za automobil FORCELL Bracket sa dugom fleksibilnom rukom. Sna\u017ena usisna \u010da\u0161a sa dodatnom stezaljkom omoguc\u0301ava vam da pri\u010dvrstite nosa\u010d na vetrobran ili glatku povr\u0161inu kokpita. Ima dugme za produ\u017eenje steznih krakova.<\/p>\n<p><strong>GARANCIJA NA PROIZVOD:<\/strong> 24 Meseca<\/p>\n","protected":false},"featured_media":7617,"template":"","meta":{"_editorskit_title_hidden":false,"_editorskit_reading_time":0,"_editorskit_is_block_options_detached":false,"_editorskit_block_options_position":"{}","inline_featured_image":false,"_monsterinsights_skip_tracking":false,"_monsterinsights_sitenote_active":false,"_monsterinsights_sitenote_note":"","_monsterinsights_sitenote_category":0},"product_cat":[78],"product_tag":[],"class_list":{"0":"post-7611","1":"product","2":"type-product","3":"status-publish","4":"has-post-thumbnail","6":"product_cat-auto-drzac","8":"first","9":"instock","10":"virtual","11":"product-type-simple"},"jetpack_sharing_enabled":true,"_links":{"self":[{"href":"https:\/\/forcell.rs\/index.php?rest_route=\/wp\/v2\/product\/7611","targetHints":{"allow":["GET"]}}],"collection":[{"href":"https:\/\/forcell.rs\/index.php?rest_route=\/wp\/v2\/product"}],"about":[{"href":"https:\/\/forcell.rs\/index.php?rest_route=\/wp\/v2\/types\/product"}],"wp:featuredmedia":[{"embeddable":true,"href":"https:\/\/forcell.rs\/index.php?rest_route=\/wp\/v2\/media\/7617"}],"wp:attachment":[{"href":"https:\/\/forcell.rs\/index.php?rest_route=%2Fwp%2Fv2%2Fmedia&parent=7611"}],"wp:term":[{"taxonomy":"product_cat","embeddable":true,"href":"https:\/\/forcell.rs\/index.php?rest_route=%2Fwp%2Fv2%2Fproduct_cat&post=7611"},{"taxonomy":"product_tag","embeddable":true,"href":"https:\/\/forcell.rs\/index.php?rest_route=%2Fwp%2Fv2%2Fproduct_tag&post=7611"}],"curies":[{"name":"wp","href":"https:\/\/api.w.org\/{rel}","templated":true}]}}