{"id":7770,"date":"2023-07-28T08:28:20","date_gmt":"2023-07-28T08:28:20","guid":{"rendered":"https:\/\/forcell.rs\/?post_type=product&#038;p=7770"},"modified":"2023-07-28T14:27:41","modified_gmt":"2023-07-28T14:27:41","slug":"auto-drzac-forcell-oval-17","status":"publish","type":"product","link":"https:\/\/forcell.rs\/?product=auto-drzac-forcell-oval-17","title":{"rendered":"Auto drzac FORCELL OVAL 17"},"content":{"rendered":"<p><strong>Pogodnost i stabilna monta\u017ea<\/strong><br \/>\nU zavisnosti od toga da li vi\u0161e volite da montirate dr\u017ea\u010d telefona vi\u0161e ili ni\u017ee, mo\u017eete izabrati da ga montirate na vetrobransko staklo, kokpit ili na ventilacionu re\u0161etku. Jaku usisnu \u010da\u0161u mo\u017eete montirati posebnom polugom koja poma\u017ee usisavanju vazduha sa povr\u0161ine usisne \u010da\u0161e i jo\u0161 bolje postaviti dr\u017ea\u010d na glatku povr\u0161inu. Zahvaljujuc\u0301i tome, ru\u010dka ostaje \u010dvrsto na jednom mestu, \u010dak i na neravnom ili krivudavom putu.<\/p>\n<p><img loading=\"lazy\" decoding=\"async\" class=\"aligncenter wp-image-7777 size-proteo-blog-loop-image-wide\" src=\"https:\/\/forcell.rs\/wp-content\/uploads\/2023\/07\/5903396144592-20220922-RM003-667-667x745.jpg\" alt=\"\" width=\"667\" height=\"745\" \/><\/p>\n<p><strong>Efikasna regulacija<\/strong><br \/>\nDr\u017ea\u010d telefona se otvara sam nakon pritiska na bo\u010dno dugme. Na krakovima dr\u017ea\u010da se nalaze ure\u0111aji \u0161irine od 40 mm do 100 mm. Zadnja strana ure\u0111aja i bo\u010dne strane su podstavljene debelim slojem meke pene, koja \u010dvrsto dr\u017ei telefon na jednom mestu i \u0161titi telefon od ogrebotina. Dr\u017ea\u010d za telefon je ovalan i dobro dizajniran, tako da se uklapa u svaki enterijer automobila.<\/p>\n<p><img loading=\"lazy\" decoding=\"async\" class=\"aligncenter wp-image-7778 size-proteo-blog-loop-image-wide\" src=\"https:\/\/forcell.rs\/wp-content\/uploads\/2023\/07\/5903396144592-20220922-RM004-667-667x745.jpg\" alt=\"\" width=\"667\" height=\"745\" \/><\/p>\n","protected":false},"excerpt":{"rendered":"<p>Da li tra\u017eite \u010dvrsti dr\u017ea\u010d za automobilski telefon originalnog oblika? Ovalni model sa fleksibilnom rukom, du\u017eine 17 cm, koji se mo\u017ee savijati i prilago\u0111avati va\u0161im potrebama, \u0161to je posebno pogodna opcija za voza\u010de vec\u0301ih automobila, sigurno c\u0301e vas zanimati!<\/p>\n<p><strong>GARANCIJA NA PROIZVOD:<\/strong> 24 Meseca<\/p>\n","protected":false},"featured_media":7779,"template":"","meta":{"_editorskit_title_hidden":false,"_editorskit_reading_time":0,"_editorskit_is_block_options_detached":false,"_editorskit_block_options_position":"{}","inline_featured_image":false,"_monsterinsights_skip_tracking":false,"_monsterinsights_sitenote_active":false,"_monsterinsights_sitenote_note":"","_monsterinsights_sitenote_category":0},"product_cat":[78],"product_tag":[],"class_list":{"0":"post-7770","1":"product","2":"type-product","3":"status-publish","4":"has-post-thumbnail","6":"product_cat-auto-drzac","8":"first","9":"instock","10":"featured","11":"shipping-taxable","12":"product-type-simple"},"jetpack_sharing_enabled":true,"_links":{"self":[{"href":"https:\/\/forcell.rs\/index.php?rest_route=\/wp\/v2\/product\/7770","targetHints":{"allow":["GET"]}}],"collection":[{"href":"https:\/\/forcell.rs\/index.php?rest_route=\/wp\/v2\/product"}],"about":[{"href":"https:\/\/forcell.rs\/index.php?rest_route=\/wp\/v2\/types\/product"}],"wp:featuredmedia":[{"embeddable":true,"href":"https:\/\/forcell.rs\/index.php?rest_route=\/wp\/v2\/media\/7779"}],"wp:attachment":[{"href":"https:\/\/forcell.rs\/index.php?rest_route=%2Fwp%2Fv2%2Fmedia&parent=7770"}],"wp:term":[{"taxonomy":"product_cat","embeddable":true,"href":"https:\/\/forcell.rs\/index.php?rest_route=%2Fwp%2Fv2%2Fproduct_cat&post=7770"},{"taxonomy":"product_tag","embeddable":true,"href":"https:\/\/forcell.rs\/index.php?rest_route=%2Fwp%2Fv2%2Fproduct_tag&post=7770"}],"curies":[{"name":"wp","href":"https:\/\/api.w.org\/{rel}","templated":true}]}}