{"id":7781,"date":"2023-07-28T08:49:13","date_gmt":"2023-07-28T08:49:13","guid":{"rendered":"https:\/\/forcell.rs\/?post_type=product&#038;p=7781"},"modified":"2023-07-28T14:27:30","modified_gmt":"2023-07-28T14:27:30","slug":"auto-drzac-forcell-oval","status":"publish","type":"product","link":"https:\/\/forcell.rs\/?product=auto-drzac-forcell-oval","title":{"rendered":"Auto drzac FORCELL OVAL"},"content":{"rendered":"<p><strong>Udobna i zgodna ru\u010dka<\/strong><br \/>\nAko \u017eelite da imate punu vidljivost na vetrobranskom staklu, onda c\u0301e vam ru\u010dica postavljena na ventilacioni otvor sigurno privuc\u0301i pa\u017enju. Zahvaljujuc\u0301i \u0161irokom razmaku krakova (40-100 mm), mo\u017eete lako montirati pametne telefone ili navigacione ure\u0111aje razli\u010ditih veli\u010dina. Stabilna i jaka stezaljka \u010dini da dr\u017ea\u010d dr\u017ei \u010dak i te\u017eak telefon ili navigaciju na jednom mestu. Sve \u0161to treba da uradite je da pritisnete dugme koje automatski pru\u017ea ruke pre putovanja, stavite telefon ili navigaciju u dr\u017ea\u010d i mo\u017eete u\u017eivati u bezbednoj vo\u017enji sa obe ruke na volanu.<\/p>\n<p><img loading=\"lazy\" decoding=\"async\" class=\"aligncenter wp-image-7790 size-proteo-blog-loop-image\" src=\"https:\/\/forcell.rs\/wp-content\/uploads\/2023\/07\/5903396144615-20220919-RM004-1000px-725x500.jpg\" alt=\"\" width=\"725\" height=\"500\" \/><\/p>\n<p><strong>Sve na vidiku<\/strong><br \/>\nStabilna konstrukcija omoguc\u0301ava jo\u0161 bolje prilago\u0111avanje ru\u010dke otvoru za vazduh. Ruke i pole\u0111ina ovog prakti\u010dnog dodatka dodatno su podstavljeni mekom penom koja spre\u010dava grebanje telefona. Donji nosa\u010di obezbe\u0111uju da telefon ne klizi, \u010dak ni tokom dinami\u010dne vo\u017enje automobila, a \u0161irok razmak izme\u0111u njih omoguc\u0301ava vam da slobodno pove\u017eete kabl za punjenje.<\/p>\n<p><img loading=\"lazy\" decoding=\"async\" class=\"aligncenter wp-image-7791 size-proteo-blog-loop-image\" src=\"https:\/\/forcell.rs\/wp-content\/uploads\/2023\/07\/5903396144615-20220919-RM005-1000px-725x500.jpg\" alt=\"\" width=\"725\" height=\"500\" \/><\/p>\n","protected":false},"excerpt":{"rendered":"<p>Vodite ra\u010duna o udobnoj i bezbednoj vo\u017enji uz navigaciju ili telefon! Instalirajte zgodan i prakti\u010dan dr\u017ea\u010d za telefon u svoj automobil, koji c\u0301e vam omoguc\u0301iti da dr\u017eite dve ruke na volanu i da se potpuno fokusirate na rutu.<\/p>\n<p><strong>GARANCIJA NA PROIZVOD:<\/strong> 24 Meseca<\/p>\n","protected":false},"featured_media":7785,"template":"","meta":{"_editorskit_title_hidden":false,"_editorskit_reading_time":0,"_editorskit_is_block_options_detached":false,"_editorskit_block_options_position":"{}","inline_featured_image":false,"_monsterinsights_skip_tracking":false,"_monsterinsights_sitenote_active":false,"_monsterinsights_sitenote_note":"","_monsterinsights_sitenote_category":0},"product_cat":[78],"product_tag":[],"class_list":{"0":"post-7781","1":"product","2":"type-product","3":"status-publish","4":"has-post-thumbnail","6":"product_cat-auto-drzac","8":"first","9":"instock","10":"featured","11":"shipping-taxable","12":"product-type-simple"},"jetpack_sharing_enabled":true,"_links":{"self":[{"href":"https:\/\/forcell.rs\/index.php?rest_route=\/wp\/v2\/product\/7781","targetHints":{"allow":["GET"]}}],"collection":[{"href":"https:\/\/forcell.rs\/index.php?rest_route=\/wp\/v2\/product"}],"about":[{"href":"https:\/\/forcell.rs\/index.php?rest_route=\/wp\/v2\/types\/product"}],"wp:featuredmedia":[{"embeddable":true,"href":"https:\/\/forcell.rs\/index.php?rest_route=\/wp\/v2\/media\/7785"}],"wp:attachment":[{"href":"https:\/\/forcell.rs\/index.php?rest_route=%2Fwp%2Fv2%2Fmedia&parent=7781"}],"wp:term":[{"taxonomy":"product_cat","embeddable":true,"href":"https:\/\/forcell.rs\/index.php?rest_route=%2Fwp%2Fv2%2Fproduct_cat&post=7781"},{"taxonomy":"product_tag","embeddable":true,"href":"https:\/\/forcell.rs\/index.php?rest_route=%2Fwp%2Fv2%2Fproduct_tag&post=7781"}],"curies":[{"name":"wp","href":"https:\/\/api.w.org\/{rel}","templated":true}]}}