{"id":7829,"date":"2023-08-07T08:33:13","date_gmt":"2023-08-07T08:33:13","guid":{"rendered":"https:\/\/forcell.rs\/?post_type=product&#038;p=7829"},"modified":"2023-08-07T08:35:33","modified_gmt":"2023-08-07T08:35:33","slug":"usb-kabal-forcell-c391-type-c-na-type-c-100w-4-0-1m-beli","status":"publish","type":"product","link":"https:\/\/forcell.rs\/?product=usb-kabal-forcell-c391-type-c-na-type-c-100w-4-0-1m-beli","title":{"rendered":"USB kabal FORCELL C391 Type C na Type C 100w 4.0 1m beli"},"content":{"rendered":"","protected":false},"excerpt":{"rendered":"<p>Super-brzi, multimedijalni kabl za prenos podataka i punjenje mobilnih ure\u0111aja, uklju\u010dujuc\u0301i laptopove. Ima ugra\u0111eni e-mark \u010dip. Zahvaljujuc\u0301i 4K funkciji, mo\u017ee se koristiti za povezivanje ra\u010dunara sa 4K projektorom, TV-om ili monitorom. Podr\u017eava najnovije tehnologije punjenja kao \u0161to su Quick Charge 4.0 i Power Deliveri. Primenjena aluminijumska oklop obezbe\u0111uje bezbedan rad kabla, neometan od spoljnih faktora. Maksimalna snaga je 100W.<\/p>\n<div class=\"woocommerce-product-details__short-description\">\n<p><strong>GARANCIJA NA PROIZVOD:<\/strong> 24 Meseca<\/p>\n<\/div>\n","protected":false},"featured_media":7837,"template":"","meta":{"_editorskit_title_hidden":false,"_editorskit_reading_time":0,"_editorskit_is_block_options_detached":false,"_editorskit_block_options_position":"{}","inline_featured_image":false,"_monsterinsights_skip_tracking":false,"_monsterinsights_sitenote_active":false,"_monsterinsights_sitenote_note":"","_monsterinsights_sitenote_category":0},"product_cat":[81],"product_tag":[],"class_list":{"0":"post-7829","1":"product","2":"type-product","3":"status-publish","4":"has-post-thumbnail","6":"product_cat-kablovi","8":"first","9":"instock","10":"shipping-taxable","11":"product-type-simple"},"jetpack_sharing_enabled":true,"_links":{"self":[{"href":"https:\/\/forcell.rs\/index.php?rest_route=\/wp\/v2\/product\/7829","targetHints":{"allow":["GET"]}}],"collection":[{"href":"https:\/\/forcell.rs\/index.php?rest_route=\/wp\/v2\/product"}],"about":[{"href":"https:\/\/forcell.rs\/index.php?rest_route=\/wp\/v2\/types\/product"}],"wp:featuredmedia":[{"embeddable":true,"href":"https:\/\/forcell.rs\/index.php?rest_route=\/wp\/v2\/media\/7837"}],"wp:attachment":[{"href":"https:\/\/forcell.rs\/index.php?rest_route=%2Fwp%2Fv2%2Fmedia&parent=7829"}],"wp:term":[{"taxonomy":"product_cat","embeddable":true,"href":"https:\/\/forcell.rs\/index.php?rest_route=%2Fwp%2Fv2%2Fproduct_cat&post=7829"},{"taxonomy":"product_tag","embeddable":true,"href":"https:\/\/forcell.rs\/index.php?rest_route=%2Fwp%2Fv2%2Fproduct_tag&post=7829"}],"curies":[{"name":"wp","href":"https:\/\/api.w.org\/{rel}","templated":true}]}}