{"id":7871,"date":"2023-08-07T09:54:54","date_gmt":"2023-08-07T09:54:54","guid":{"rendered":"https:\/\/forcell.rs\/?post_type=product&#038;p=7871"},"modified":"2023-08-07T09:58:45","modified_gmt":"2023-08-07T09:58:45","slug":"usb-kabal-forcell-cb-02a-type-c-na-type-c-2-0-2-4a-18w-crni","status":"publish","type":"product","link":"https:\/\/forcell.rs\/?product=usb-kabal-forcell-cb-02a-type-c-na-type-c-2-0-2-4a-18w-crni","title":{"rendered":"USB kabal FORCELL CB-02A Type C na Type C 2.0 2.4A 18W crni"},"content":{"rendered":"<p><strong>Neophodan na putovanju<\/strong><br \/>\nAko \u010desto putujete, sigurno c\u0301e vam trebati pristojan i izdr\u017eljiv kabl za punjenje ure\u0111aja tokom vo\u017enje. Ovaj model kabla obezbe\u0111uje brzo punjenje sa maksimalnom snagom od 18 W i mo\u017eete ga lako upariti sa *Android Auto\u2122 preko USB-A kabla. Kabl bez zapetljavanja i du\u017eina od 1 m c\u0301e olak\u0161ati upotrebu kabla ne samo u automobilu. Forcell kabl je izdr\u017eljiv, siguran, slu\u017eic\u0301e vam zaista dugo.<\/p>\n<p><img loading=\"lazy\" decoding=\"async\" class=\"aligncenter wp-image-7877 size-proteo-blog-loop-image\" src=\"https:\/\/forcell.rs\/wp-content\/uploads\/2023\/08\/5903396152344-20220913-RS008-725x500.jpg\" alt=\"\" width=\"725\" height=\"500\" \/><\/p>\n<p><strong>Izdr\u017eljiv<\/strong><br \/>\nKonstrukcija kabla je projektovana tako da mo\u017ee da opstane \u0161to du\u017ee u nepromenjenom obliku. Metalne pletenice u vidu fleksibilnih opruga na krajevima konektora \u0161tite od lomljenja ili prekomernog savijanja kabla. Minimalisti\u010dka crna u kombinaciji sa metalnim umetcima i motivom strukture karbonskih vlakana daju celini sofisticiran i sportski izgled. Ovaj kabl izgleda odli\u010dno i u sportskom, modernom i klasi\u010dnom enterijeru.<\/p>\n<p><img loading=\"lazy\" decoding=\"async\" class=\"aligncenter wp-image-7874 size-proteo-blog-loop-image\" src=\"https:\/\/forcell.rs\/wp-content\/uploads\/2023\/08\/5903396152344-20220913-RS004-725x500.jpg\" alt=\"\" width=\"725\" height=\"500\" \/><\/p>\n","protected":false},"excerpt":{"rendered":"<p>Treba vam izdr\u017eljiv USB-A na USB-C kabl? Isprobajte ovaj model sa oja\u010danom pletenicom na utika\u010dima!<\/p>\n<div class=\"woocommerce-product-details__short-description\">\n<div class=\"woocommerce-product-details__short-description\">\n<p><strong>GARANCIJA NA PROIZVOD:<\/strong>\u00a024 Meseca<\/p>\n<\/div>\n<\/div>\n<div class=\"product_meta\"><\/div>\n","protected":false},"featured_media":7873,"template":"","meta":{"_editorskit_title_hidden":false,"_editorskit_reading_time":0,"_editorskit_is_block_options_detached":false,"_editorskit_block_options_position":"{}","inline_featured_image":false,"_monsterinsights_skip_tracking":false,"_monsterinsights_sitenote_active":false,"_monsterinsights_sitenote_note":"","_monsterinsights_sitenote_category":0},"product_cat":[81],"product_tag":[],"class_list":{"0":"post-7871","1":"product","2":"type-product","3":"status-publish","4":"has-post-thumbnail","6":"product_cat-kablovi","8":"first","9":"instock","10":"shipping-taxable","11":"product-type-simple"},"jetpack_sharing_enabled":true,"_links":{"self":[{"href":"https:\/\/forcell.rs\/index.php?rest_route=\/wp\/v2\/product\/7871","targetHints":{"allow":["GET"]}}],"collection":[{"href":"https:\/\/forcell.rs\/index.php?rest_route=\/wp\/v2\/product"}],"about":[{"href":"https:\/\/forcell.rs\/index.php?rest_route=\/wp\/v2\/types\/product"}],"wp:featuredmedia":[{"embeddable":true,"href":"https:\/\/forcell.rs\/index.php?rest_route=\/wp\/v2\/media\/7873"}],"wp:attachment":[{"href":"https:\/\/forcell.rs\/index.php?rest_route=%2Fwp%2Fv2%2Fmedia&parent=7871"}],"wp:term":[{"taxonomy":"product_cat","embeddable":true,"href":"https:\/\/forcell.rs\/index.php?rest_route=%2Fwp%2Fv2%2Fproduct_cat&post=7871"},{"taxonomy":"product_tag","embeddable":true,"href":"https:\/\/forcell.rs\/index.php?rest_route=%2Fwp%2Fv2%2Fproduct_tag&post=7871"}],"curies":[{"name":"wp","href":"https:\/\/api.w.org\/{rel}","templated":true}]}}