{"id":7896,"date":"2023-08-07T10:57:06","date_gmt":"2023-08-07T10:57:06","guid":{"rendered":"https:\/\/forcell.rs\/?post_type=product&#038;p=7896"},"modified":"2023-08-07T10:57:08","modified_gmt":"2023-08-07T10:57:08","slug":"usb-kabal-forcell-c293-tube-type-c-na-type-c-2-0-quick-charge-3-0-pd48w-crni-1m","status":"publish","type":"product","link":"https:\/\/forcell.rs\/?product=usb-kabal-forcell-c293-tube-type-c-na-type-c-2-0-quick-charge-3-0-pd48w-crni-1m","title":{"rendered":"USB kabal FORCELL C293 TUBE Type C na Type C 2.0 Quick charge 3.0 PD48W crni 1m"},"content":{"rendered":"<p>Forcell USB-C na USB-C kabl vam omoguc\u0301ava da punite svoje ure\u0111aje zahvaljujuc\u0301i podr\u0161ci za Power Deliveri 48w. Tako\u0111e vam omoguc\u0301ava prenos podataka brzinom do 480 Mb\/s. Dodatak dostupan u kompaktnoj cevi.<\/p>\n<p>Ovaj pouzdani kabl je garancija bezbedne veze. Standard za isporuku snage od 48 W i tehnologija Quick Charge 2.0 c\u0301e vam omoguc\u0301iti da za kratko vreme napunite svoj telefon, tablet, slu\u0161alice, pa \u010dak i power bank ili laptop. Proizvod je idealan za napajanje raznih pametnih telefona, npr. Xiaomi, HONOR i Samsung.<\/p>\n<p>Pored dopunjavanja baterije, imate i moguc\u0301nost istovremene sinhronizacije podataka zahvaljujuc\u0301i brzini prenosa do 480 Mb\/s. To zna\u010di da mo\u017eete da kopirate film od 1 GB za manje od 24 sekunde!<\/p>\n<p>Kabl od jednog metra, napravljen od TPE plastike, dovoljno je izdr\u017eljiv da slu\u017ei dugo vremena bez gubitka kvaliteta i sigurnosti tokom upotrebe. Zgodna, kompaktna cev olak\u0161ava skladi\u0161tenje i no\u0161enje kabla, a istovremeno ne zauzima mnogo prostora.<\/p>\n","protected":false},"excerpt":{"rendered":"<p>Forcell je evropski brend GSM dodataka koji se fokusira na stil i udobnost, zbog \u010dega su njegovi proizvodi savr\u0161en izbor za ljude koji cene visok kvalitet i bezvremenski dizajn.<\/p>\n<div class=\"woocommerce-product-details__short-description\">\n<p><strong>GARANCIJA NA PROIZVOD:<\/strong> 24 Meseca<\/p>\n<\/div>\n","protected":false},"featured_media":7900,"template":"","meta":{"_editorskit_title_hidden":false,"_editorskit_reading_time":0,"_editorskit_is_block_options_detached":false,"_editorskit_block_options_position":"{}","inline_featured_image":false,"_monsterinsights_skip_tracking":false,"_monsterinsights_sitenote_active":false,"_monsterinsights_sitenote_note":"","_monsterinsights_sitenote_category":0},"product_cat":[81],"product_tag":[],"class_list":{"0":"post-7896","1":"product","2":"type-product","3":"status-publish","4":"has-post-thumbnail","6":"product_cat-kablovi","8":"first","9":"instock","10":"shipping-taxable","11":"product-type-simple"},"jetpack_sharing_enabled":true,"_links":{"self":[{"href":"https:\/\/forcell.rs\/index.php?rest_route=\/wp\/v2\/product\/7896","targetHints":{"allow":["GET"]}}],"collection":[{"href":"https:\/\/forcell.rs\/index.php?rest_route=\/wp\/v2\/product"}],"about":[{"href":"https:\/\/forcell.rs\/index.php?rest_route=\/wp\/v2\/types\/product"}],"wp:featuredmedia":[{"embeddable":true,"href":"https:\/\/forcell.rs\/index.php?rest_route=\/wp\/v2\/media\/7900"}],"wp:attachment":[{"href":"https:\/\/forcell.rs\/index.php?rest_route=%2Fwp%2Fv2%2Fmedia&parent=7896"}],"wp:term":[{"taxonomy":"product_cat","embeddable":true,"href":"https:\/\/forcell.rs\/index.php?rest_route=%2Fwp%2Fv2%2Fproduct_cat&post=7896"},{"taxonomy":"product_tag","embeddable":true,"href":"https:\/\/forcell.rs\/index.php?rest_route=%2Fwp%2Fv2%2Fproduct_tag&post=7896"}],"curies":[{"name":"wp","href":"https:\/\/api.w.org\/{rel}","templated":true}]}}