{"id":7916,"date":"2023-08-07T11:45:23","date_gmt":"2023-08-07T11:45:23","guid":{"rendered":"https:\/\/forcell.rs\/?post_type=product&#038;p=7916"},"modified":"2023-08-07T11:45:23","modified_gmt":"2023-08-07T11:45:23","slug":"usb-kabal-forcell-c316-tube-usb-lightning-1a-beli-1m","status":"publish","type":"product","link":"https:\/\/forcell.rs\/?product=usb-kabal-forcell-c316-tube-usb-lightning-1a-beli-1m","title":{"rendered":"USB kabal FORCELL C316 TUBE USB lightning 1A beli 1m"},"content":{"rendered":"<p>Forcell je evropski brend GSM dodataka koji se fokusira na stil i udobnost, \u010dinec\u0301i svoje proizvode savr\u0161enim izborom za ljude koji cene visok kvalitet i bezvremenski dizajn.<\/p>\n<p>Forcell USB kabl sa Lightning konektorom vam omoguc\u0301ava da punite svoj iPhone i prenosite podatke. Dodatak dostupan u kompaktnoj tubi.<\/p>\n<p>Kabl od jednog metra, napravljen od TPE plastike, dovoljno je izdr\u017eljiv da slu\u017ei dugo vremena bez gubitka kvaliteta i sigurnosti tokom upotrebe. Zgodna, kompaktna cev olak\u0161ava skladi\u0161tenje i no\u0161enje kabla, a u isto vreme ne zauzima mnogo prostora.<\/p>\n","protected":false},"excerpt":{"rendered":"<p>Ovaj pouzdani kabl je garancija bezbedne veze. Omoguc\u0301ava vam da brzo punite svoj iPhone, iPad, iPod ili Airpods strujom od 1A. Pored punjenja baterije, imate i moguc\u0301nost istovremene sinhronizacije podataka.<\/p>\n<div class=\"woocommerce-product-details__short-description\">\n<div class=\"woocommerce-product-details__short-description\">\n<p><strong>GARANCIJA NA PROIZVOD:<\/strong> 24 Meseca<\/p>\n<\/div>\n<\/div>\n","protected":false},"featured_media":7920,"template":"","meta":{"_editorskit_title_hidden":false,"_editorskit_reading_time":0,"_editorskit_is_block_options_detached":false,"_editorskit_block_options_position":"{}","inline_featured_image":false,"_monsterinsights_skip_tracking":false,"_monsterinsights_sitenote_active":false,"_monsterinsights_sitenote_note":"","_monsterinsights_sitenote_category":0},"product_cat":[81],"product_tag":[],"class_list":{"0":"post-7916","1":"product","2":"type-product","3":"status-publish","4":"has-post-thumbnail","6":"product_cat-kablovi","8":"first","9":"instock","10":"shipping-taxable","11":"product-type-simple"},"jetpack_sharing_enabled":true,"_links":{"self":[{"href":"https:\/\/forcell.rs\/index.php?rest_route=\/wp\/v2\/product\/7916","targetHints":{"allow":["GET"]}}],"collection":[{"href":"https:\/\/forcell.rs\/index.php?rest_route=\/wp\/v2\/product"}],"about":[{"href":"https:\/\/forcell.rs\/index.php?rest_route=\/wp\/v2\/types\/product"}],"wp:featuredmedia":[{"embeddable":true,"href":"https:\/\/forcell.rs\/index.php?rest_route=\/wp\/v2\/media\/7920"}],"wp:attachment":[{"href":"https:\/\/forcell.rs\/index.php?rest_route=%2Fwp%2Fv2%2Fmedia&parent=7916"}],"wp:term":[{"taxonomy":"product_cat","embeddable":true,"href":"https:\/\/forcell.rs\/index.php?rest_route=%2Fwp%2Fv2%2Fproduct_cat&post=7916"},{"taxonomy":"product_tag","embeddable":true,"href":"https:\/\/forcell.rs\/index.php?rest_route=%2Fwp%2Fv2%2Fproduct_tag&post=7916"}],"curies":[{"name":"wp","href":"https:\/\/api.w.org\/{rel}","templated":true}]}}