{"id":8130,"date":"2023-11-15T13:45:52","date_gmt":"2023-11-15T13:45:52","guid":{"rendered":"https:\/\/forcell.rs\/?post_type=product&#038;p=8130"},"modified":"2023-11-15T13:59:25","modified_gmt":"2023-11-15T13:59:25","slug":"futrola-forcell-f-protect-case-providna","status":"publish","type":"product","link":"https:\/\/forcell.rs\/?product=futrola-forcell-f-protect-case-providna","title":{"rendered":"Futrola FORCELL F-PROTECT CASE &#8211; providna"},"content":{"rendered":"<div class=\"geodir-embed-container\"><iframe loading=\"lazy\" title=\"Futrola FORCELL F-PROTECT CASE  - Providna\" width=\"1150\" height=\"647\" src=\"https:\/\/www.youtube.com\/embed\/eMOyj5fiwsc?feature=oembed\" frameborder=\"0\" allow=\"accelerometer; autoplay; clipboard-write; encrypted-media; gyroscope; picture-in-picture; web-share\" allowfullscreen><\/iframe><\/div>\n<p>Forcell je evropski brend GSM dodataka koji se fokusira na stil i udobnost upotrebe, zbog \u010dega su njegovi proizvodi idealan izbor za ljude koji cene visok kvalitet i bezvremenski dizajn.<\/p>\n<p>Forcell Clear Case je kombinacija prozirnog dizajna sa izdr\u017eljivom konstrukcijom koja povec\u0301ava za\u0161titu telefona od o\u0161tec\u0301enja i ogrebotina. Futrola podr\u017eava be\u017ei\u010dno punjenje.<\/p>\n<p>Forcell Clear Case je sinonim za visokokvalitetne materijale i veliku udobnost upotrebe. Podr\u0161ka za be\u017ei\u010dno punjenje vam omoguc\u0301ava da brzo i efikasno dopunite energiju u svom telefonu bez potrebe da skidate poklopac.<\/p>\n<p>&nbsp;<\/p>\n","protected":false},"excerpt":{"rendered":"<p>Proizvod je napravljen od izdr\u017eljive, ne\u017eute plastike koja dobro apsorbuje udarce, \u0161titec\u0301i telefon od efekata padova. Jasan dizajn nagla\u0161ava originalan izgled pametnog telefona, ostavljajuc\u0301i njegov elegantni karakter netaknutim. Podignuta ivica oko ostrva kamere pru\u017ea dodatnu za\u0161titu za so\u010divo, a pa\u017eljivo dizajnirani izrezi garantuju lak pristup svim portovima i funkcijama ure\u0111aja.<\/p>\n","protected":false},"featured_media":8139,"template":"","meta":{"_editorskit_title_hidden":false,"_editorskit_reading_time":0,"_editorskit_is_block_options_detached":false,"_editorskit_block_options_position":"{}","inline_featured_image":false,"_monsterinsights_skip_tracking":false,"_monsterinsights_sitenote_active":false,"_monsterinsights_sitenote_note":"","_monsterinsights_sitenote_category":0},"product_cat":[88],"product_tag":[],"class_list":{"0":"post-8130","1":"product","2":"type-product","3":"status-publish","4":"has-post-thumbnail","6":"product_cat-futrole","8":"first","9":"instock","10":"shipping-taxable","11":"product-type-simple"},"jetpack_sharing_enabled":true,"_links":{"self":[{"href":"https:\/\/forcell.rs\/index.php?rest_route=\/wp\/v2\/product\/8130","targetHints":{"allow":["GET"]}}],"collection":[{"href":"https:\/\/forcell.rs\/index.php?rest_route=\/wp\/v2\/product"}],"about":[{"href":"https:\/\/forcell.rs\/index.php?rest_route=\/wp\/v2\/types\/product"}],"wp:featuredmedia":[{"embeddable":true,"href":"https:\/\/forcell.rs\/index.php?rest_route=\/wp\/v2\/media\/8139"}],"wp:attachment":[{"href":"https:\/\/forcell.rs\/index.php?rest_route=%2Fwp%2Fv2%2Fmedia&parent=8130"}],"wp:term":[{"taxonomy":"product_cat","embeddable":true,"href":"https:\/\/forcell.rs\/index.php?rest_route=%2Fwp%2Fv2%2Fproduct_cat&post=8130"},{"taxonomy":"product_tag","embeddable":true,"href":"https:\/\/forcell.rs\/index.php?rest_route=%2Fwp%2Fv2%2Fproduct_tag&post=8130"}],"curies":[{"name":"wp","href":"https:\/\/api.w.org\/{rel}","templated":true}]}}