{"id":8238,"date":"2024-02-23T13:15:21","date_gmt":"2024-02-23T13:15:21","guid":{"rendered":"https:\/\/forcell.rs\/?post_type=product&#038;p=8238"},"modified":"2024-02-23T13:20:34","modified_gmt":"2024-02-23T13:20:34","slug":"futrola-flip-luna-book-gold-vise-boja","status":"publish","type":"product","link":"https:\/\/forcell.rs\/?product=futrola-flip-luna-book-gold-vise-boja","title":{"rendered":"Futrola flip LUNA BOOK GOLD &#8211; Vi\u0161e boja"},"content":{"rendered":"<p>Elegantna futrola sa metalnom ivicom za dodatnu za\u0161titu telefona. Interesantna tekstura i prijatni materijal \u010dine ovu futrolu stilskim dodatkom koji isti\u010de moderni dizajn ure\u0111aja.<\/p>\n<p>Unutar futrole oblo\u017eene su mekanim materijalom od prevrnute ko\u017ee. Tako\u0111e, dr\u017ea\u010d za telefon je oblo\u017een istim materijalom, \u0161to osigurava za\u0161titu ure\u0111aja sa obe strane od o\u0161te\u0107enja. Dr\u017ea\u010d je napravljen od elasti\u010dnog silikona i ima funkcionalne izreze.<\/p>\n<p>Aluminijumska ivica du\u017e ivica oja\u010dava futrolu i jo\u0161 bolje \u0161titi ure\u0111aj. Kombinacija metala i posebnog materijala stvara jedinstvenu i modernu kompoziciju, koja daje ure\u0111aju elegantan izgled.<\/p>\n<p>Futrola tako\u0111e ima maleni d\u017eep u koji mogu stati putni dokumenti ili nov\u010danice. Futrola se mo\u017ee sklopiti u postolje koje olak\u0161ava gledanje filmova ili slika. Sna\u017ean magnet omogu\u0107ava lako zatvaranje i otvaranje futrole, kao i spre\u010dava slu\u010dajno otvaranje.<\/p>\n","protected":false},"excerpt":{"rendered":"<p>Elegantna futrola sa metalnom ivicom pru\u017ea vrhunsku za\u0161titu i isti\u010de moderni dizajn va\u0161eg telefona. Sa mekim unutra\u0161njim slojem od prevrnute ko\u017ee i prakti\u010dnom d\u017eepom, ova futrola je savr\u0161en spoj stila i funkcionalnosti.<\/p>\n","protected":false},"featured_media":8250,"template":"","meta":{"_editorskit_title_hidden":false,"_editorskit_reading_time":0,"_editorskit_is_block_options_detached":false,"_editorskit_block_options_position":"{}","inline_featured_image":false,"_monsterinsights_skip_tracking":false,"_monsterinsights_sitenote_active":false,"_monsterinsights_sitenote_note":"","_monsterinsights_sitenote_category":0},"product_cat":[88],"product_tag":[],"class_list":{"0":"post-8238","1":"product","2":"type-product","3":"status-publish","4":"has-post-thumbnail","6":"product_cat-futrole","8":"first","9":"instock","10":"shipping-taxable","11":"product-type-simple"},"jetpack_sharing_enabled":true,"_links":{"self":[{"href":"https:\/\/forcell.rs\/index.php?rest_route=\/wp\/v2\/product\/8238","targetHints":{"allow":["GET"]}}],"collection":[{"href":"https:\/\/forcell.rs\/index.php?rest_route=\/wp\/v2\/product"}],"about":[{"href":"https:\/\/forcell.rs\/index.php?rest_route=\/wp\/v2\/types\/product"}],"wp:featuredmedia":[{"embeddable":true,"href":"https:\/\/forcell.rs\/index.php?rest_route=\/wp\/v2\/media\/8250"}],"wp:attachment":[{"href":"https:\/\/forcell.rs\/index.php?rest_route=%2Fwp%2Fv2%2Fmedia&parent=8238"}],"wp:term":[{"taxonomy":"product_cat","embeddable":true,"href":"https:\/\/forcell.rs\/index.php?rest_route=%2Fwp%2Fv2%2Fproduct_cat&post=8238"},{"taxonomy":"product_tag","embeddable":true,"href":"https:\/\/forcell.rs\/index.php?rest_route=%2Fwp%2Fv2%2Fproduct_tag&post=8238"}],"curies":[{"name":"wp","href":"https:\/\/api.w.org\/{rel}","templated":true}]}}