{"id":8282,"date":"2024-03-07T09:24:40","date_gmt":"2024-03-07T09:24:40","guid":{"rendered":"https:\/\/forcell.rs\/?post_type=product&#038;p=8282"},"modified":"2024-03-07T09:35:05","modified_gmt":"2024-03-07T09:35:05","slug":"narukvica-za-sat-f-design-fs01-za-samsung-watch-22mm-vise-boja","status":"publish","type":"product","link":"https:\/\/forcell.rs\/?product=narukvica-za-sat-f-design-fs01-za-samsung-watch-22mm-vise-boja","title":{"rendered":"Narukvica za sat F-DESIGN FS01 za Samsung Watch 22mm &#8211; Vi\u0161e boja"},"content":{"rendered":"<p><strong>Forcell F-Design<\/strong> kai\u0161 je napravljen za Samsung satove sa \u0161irinom monta\u017ee od 22 mm. Napravljen od visokokvalitetnog ekolo\u0161kog silikona, izdr\u017eljiv je i fleksibilan i osigurava udobnost no\u0161enja tokom \u010ditavog dana. Univerzalni, klasi\u010dni dizajn i dostupnost u nekoliko boja \u010dine da se savr\u0161eno uklapa uz razli\u010dite stilove.<\/p>\n<p><strong>Visokokvalitetni silikon<\/strong><br \/>\nKai\u0161 koristi ko\u017eu i ekolo\u0161ki prijateljski silikon, otporan na spoljne faktore poput vode i znoja. \u0160tavi\u0161e, karakteri\u0161e ga dugotrajna fleksibilnost i izdr\u017eljivost. Zahvaljuju\u0107i tome, svakodnevna upotreba je potpuno udobna i bezbedna.<\/p>\n<p><strong>Kompatibilan sa Samsung Watch-om<\/strong><br \/>\nForcell F-Design kai\u0161 se isti\u010de ne samo svojim klasi\u010dnim dizajnom, ve\u0107 i univerzalno\u0161\u0107u. Mo\u017ee se nositi sa bilo kojim Samsung Watch-om sa \u0161irinom monta\u017ee od 22 mm. \u0160tavi\u0161e, pogodan je za svaki garderober, od sportskog do elegantnog.<\/p>\n<p>Specifikacija:<br \/>\nModel: FS01<br \/>\nMaterijal: silikon<br \/>\nKompatibilnost: Samsung Watch 22 mm<\/p>\n","protected":false},"excerpt":{"rendered":"<p>Forcell F-Design kai\u0161 &#8211; spoj udobnosti i stila za va\u0161 Samsung Watch. Izra\u0111en od visokokvalitetnog ekolo\u0161kog silikona, ovaj univerzalni kai\u0161 pru\u017ea trajnu fleksibilnost i odgovara svim prilikama sa svojim klasi\u010dnim dizajnom i \u0161irokim izborom boja.<\/p>\n","protected":false},"featured_media":8288,"template":"","meta":{"_editorskit_title_hidden":false,"_editorskit_reading_time":0,"_editorskit_is_block_options_detached":false,"_editorskit_block_options_position":"{}","inline_featured_image":false,"_monsterinsights_skip_tracking":false,"_monsterinsights_sitenote_active":false,"_monsterinsights_sitenote_note":"","_monsterinsights_sitenote_category":0},"product_cat":[90],"product_tag":[],"class_list":{"0":"post-8282","1":"product","2":"type-product","3":"status-publish","4":"has-post-thumbnail","6":"product_cat-narukvica-za-sat","8":"first","9":"instock","10":"shipping-taxable","11":"product-type-simple"},"jetpack_sharing_enabled":true,"_links":{"self":[{"href":"https:\/\/forcell.rs\/index.php?rest_route=\/wp\/v2\/product\/8282","targetHints":{"allow":["GET"]}}],"collection":[{"href":"https:\/\/forcell.rs\/index.php?rest_route=\/wp\/v2\/product"}],"about":[{"href":"https:\/\/forcell.rs\/index.php?rest_route=\/wp\/v2\/types\/product"}],"wp:featuredmedia":[{"embeddable":true,"href":"https:\/\/forcell.rs\/index.php?rest_route=\/wp\/v2\/media\/8288"}],"wp:attachment":[{"href":"https:\/\/forcell.rs\/index.php?rest_route=%2Fwp%2Fv2%2Fmedia&parent=8282"}],"wp:term":[{"taxonomy":"product_cat","embeddable":true,"href":"https:\/\/forcell.rs\/index.php?rest_route=%2Fwp%2Fv2%2Fproduct_cat&post=8282"},{"taxonomy":"product_tag","embeddable":true,"href":"https:\/\/forcell.rs\/index.php?rest_route=%2Fwp%2Fv2%2Fproduct_tag&post=8282"}],"curies":[{"name":"wp","href":"https:\/\/api.w.org\/{rel}","templated":true}]}}