{"id":8340,"date":"2024-09-27T11:44:25","date_gmt":"2024-09-27T11:44:25","guid":{"rendered":"https:\/\/forcell.rs\/?post_type=product&#038;p=8340"},"modified":"2024-09-27T11:46:46","modified_gmt":"2024-09-27T11:46:46","slug":"hidrogel-folija-forcell-f-protect-flexible-matt-za-masinu-za-secenje-196x125mm-25kom-set","status":"publish","type":"product","link":"https:\/\/forcell.rs\/?product=hidrogel-folija-forcell-f-protect-flexible-matt-za-masinu-za-secenje-196x125mm-25kom-set","title":{"rendered":"Hidrogel folija FORCELL F-PROTECT Flexible Matt za masinu za secenje 196x125mm (25kom\/set)"},"content":{"rendered":"<p><strong>Flexible Matte je providna za\u0161titna folija nevidljiva oku, koja dodatno \u0161titi ekran od odsjaja. Njena fleksibilnost je idealna \u010dak i za zaobljene ekrane, a zahvaljuju\u0107i hidrofobnom premazu, ekran ostaje \u010dist i jasan \u010dak i pri intenzivnoj upotrebi.<\/strong><\/p>\n<p><strong>Od ivice do ivice<\/strong><br \/>\nFlexible Matte folija pru\u017ea efektivnu za\u0161titu ekrana od ivice do ivice, savr\u0161eno prianjaju\u0107i uz povr\u0161inu ure\u0111aja. Zahvaljuju\u0107i fleksibilnom materijalu, folija se savr\u0161eno prilago\u0111ava \u010dak i zakrivljenim ekranima.<\/p>\n<p><strong>Antirefleksna za\u0161tita<\/strong><br \/>\nMat zavr\u0161na obrada folije efikasno \u0161titi ekran od odsjaja, \u0161to zna\u010dajno pove\u0107ava udobnost kori\u0161\u0107enja u razli\u010ditim svetlosnim uslovima. Slika na ekranu ostaje jasna i prirodna, bez obzira na ugao svetlosti.<\/p>\n<p><strong>Laka za instalaciju<\/strong><br \/>\nFolija se lako postavlja zahvaljuju\u0107i savr\u0161enom uklapanju i akrilnom lepku, koji osigurava sna\u017eno prianjanje bez tragova. Proces instalacije olak\u0161an je aplikatorom koji precizno pozicionira foliju na ekran telefona.<\/p>\n<p><strong>Visoka osetljivost na dodir<\/strong><br \/>\nFlexible Matte zadr\u017eava visoku osetljivost na dodir, pru\u017eaju\u0107i glatko korisni\u010dko iskustvo. Glatka povr\u0161ina folije omogu\u0107ava brz odziv ekrana, pove\u0107avaju\u0107i udobnost kori\u0161\u0107enja.<\/p>\n<p><strong>Specifikacije:<\/strong><\/p>\n<ul>\n<li>Debljina folije: 0,135 mm<\/li>\n<li>Ukupna debljina: 0,46 mm<\/li>\n<li>Veli\u010dina folije: 12,5 \u00d7 19,6 cm<\/li>\n<li>Materijal: TPU i akrilni lepak<\/li>\n<li>Tip folije: mat, antirefleksna<\/li>\n<li>Fleksibilnost: DA<\/li>\n<li>Hidrofobni premaz: DA<\/li>\n<li>Samoisceljuju\u0107a svojstva: DA<\/li>\n<li>Podesiva veli\u010dina: DA<\/li>\n<\/ul>\n","protected":false},"excerpt":{"rendered":"<div class=\"flex max-w-full flex-col flex-grow\">\n<div class=\"min-h-8 text-message flex w-full flex-col items-end gap-2 whitespace-normal break-words [.text-message+&amp;]:mt-5\" dir=\"auto\" data-message-author-role=\"assistant\" data-message-id=\"d8b6b473-cb9d-437c-a0fc-5d14f91674eb\">\n<div class=\"flex w-full flex-col gap-1 empty:hidden first:pt-[3px]\">\n<div class=\"markdown prose w-full break-words dark:prose-invert light\">\n<p>Flexible Matte folija pru\u017ea za\u0161titu ekrana sa antirefleksnim slojem koji smanjuje odsjaj, uz o\u010duvanje visoke osetljivosti na dodir. Lako se postavlja, savr\u0161eno prilago\u0111ava zaobljenim ekranima i odr\u017eava ekran \u010distim zahvaljuju\u0107i hidrofobnom premazu.<\/p>\n<\/div>\n<\/div>\n<\/div>\n<\/div>\n<p>&nbsp;<\/p>\n<p>&nbsp;<\/p>\n","protected":false},"featured_media":8341,"template":"","meta":{"_editorskit_title_hidden":false,"_editorskit_reading_time":0,"_editorskit_is_block_options_detached":false,"_editorskit_block_options_position":"{}","inline_featured_image":false,"_monsterinsights_skip_tracking":false,"_monsterinsights_sitenote_active":false,"_monsterinsights_sitenote_note":"","_monsterinsights_sitenote_category":0},"product_cat":[91],"product_tag":[],"class_list":{"0":"post-8340","1":"product","2":"type-product","3":"status-publish","4":"has-post-thumbnail","6":"product_cat-hidrogel-folija","8":"first","9":"instock","10":"featured","11":"shipping-taxable","12":"product-type-simple"},"jetpack_sharing_enabled":true,"_links":{"self":[{"href":"https:\/\/forcell.rs\/index.php?rest_route=\/wp\/v2\/product\/8340","targetHints":{"allow":["GET"]}}],"collection":[{"href":"https:\/\/forcell.rs\/index.php?rest_route=\/wp\/v2\/product"}],"about":[{"href":"https:\/\/forcell.rs\/index.php?rest_route=\/wp\/v2\/types\/product"}],"wp:featuredmedia":[{"embeddable":true,"href":"https:\/\/forcell.rs\/index.php?rest_route=\/wp\/v2\/media\/8341"}],"wp:attachment":[{"href":"https:\/\/forcell.rs\/index.php?rest_route=%2Fwp%2Fv2%2Fmedia&parent=8340"}],"wp:term":[{"taxonomy":"product_cat","embeddable":true,"href":"https:\/\/forcell.rs\/index.php?rest_route=%2Fwp%2Fv2%2Fproduct_cat&post=8340"},{"taxonomy":"product_tag","embeddable":true,"href":"https:\/\/forcell.rs\/index.php?rest_route=%2Fwp%2Fv2%2Fproduct_tag&post=8340"}],"curies":[{"name":"wp","href":"https:\/\/api.w.org\/{rel}","templated":true}]}}